{"id":86,"date":"2019-07-30T15:39:13","date_gmt":"2019-07-30T15:39:13","guid":{"rendered":"https:\/\/www.yoga-sigriswil.ch\/?page_id=86"},"modified":"2025-09-06T15:14:44","modified_gmt":"2025-09-06T15:14:44","slug":"angebot","status":"publish","type":"page","link":"https:\/\/www.yoga-sigriswil.ch\/index.php\/angebot\/","title":{"rendered":"Angebot"},"content":{"rendered":"<h2>Angebot<\/h2>\n<p>In einem Raum der Stiftung Beatus in Sigriswil finden am Dienstagnachmittag und -abend zwei Yoga PLUS &#8211; Lektionen mit Martine Blaser-Monnard statt.<\/p>\n<p><strong>Lektion 1: 17.30 &#8211; 18.45 Uhr<\/strong><\/p>\n<p><strong>Lektion 2: 19.00 &#8211; 20.15 Uhr<\/strong><\/p>\n<ul>\n<li>Die Platzzahl pro Lektion ist auf maximal 10 Teilnehmende beschr\u00e4nkt.<\/li>\n<li>Dauer einer Lektion: 75 Minuten<\/li>\n<li>Preis pro Lektion: CHF 26.-<\/li>\n<\/ul>\n<p>Das Jahr ist in vier Quartale eingeteilt. Eine Anmeldung zur Teilnahme beinhaltet alle Lektionen f\u00fcr das betreffende Quartal.<\/p>\n<p><strong>Online-Angebot<\/strong><br \/>\nDie Teilnehmenden der Yoga-Lektionen erhalten Zugang zur Aufzeichnung der Wochenlektion. So k\u00f6nnen Sie die entsprechenden \u00dcbungen auch mehrmals ausf\u00fchren, oder nach Absenzen von der Yoga Lektion zu Hause profitieren.<\/p>\n<p>Mich interessiert das Angebot!<br \/>\nIch m\u00f6chte mich jetzt anmelden oder eine Schnupperlektion buchen: Telefon: 033 442 10 34<\/p>\n<p>Mail: kontakt@yoga-sigriswil.ch<\/p>\n","protected":false},"excerpt":{"rendered":"<p>Angebot In einem Raum der Stiftung Beatus in Sigriswil finden am Dienstagnachmittag und -abend zwei Yoga PLUS &#8211; Lektionen mit Martine Blaser-Monnard statt. Lektion 1: 17.30 &#8211; 18.45 Uhr Lektion 2: 19.00 &#8211; 20.15 Uhr Die Platzzahl pro Lektion ist auf maximal 10 Teilnehmende beschr\u00e4nkt. Dauer einer Lektion: 75 Minuten Preis pro Lektion: CHF 26.-&hellip;<\/p>\n","protected":false},"author":2,"featured_media":0,"parent":0,"menu_order":0,"comment_status":"closed","ping_status":"closed","template":"","meta":{"footnotes":""},"class_list":["post-86","page","type-page","status-publish","hentry","description-off"],"yoast_head":"<!-- This site is optimized with the Yoast SEO plugin v27.5 - https:\/\/yoast.com\/product\/yoast-seo-wordpress\/ -->\n<title>Angebot - Yoga PLUS in Sigriswil mit Martine Blaser-Monnard<\/title>\n<meta name=\"robots\" content=\"index, follow, max-snippet:-1, max-image-preview:large, max-video-preview:-1\" \/>\n<link rel=\"canonical\" href=\"https:\/\/www.yoga-sigriswil.ch\/index.php\/angebot\/\" \/>\n<meta property=\"og:locale\" content=\"de_DE\" \/>\n<meta property=\"og:type\" content=\"article\" \/>\n<meta property=\"og:title\" content=\"Angebot - Yoga PLUS in Sigriswil mit Martine Blaser-Monnard\" \/>\n<meta property=\"og:description\" content=\"Angebot In einem Raum der Stiftung Beatus in Sigriswil finden am Dienstagnachmittag und -abend zwei Yoga PLUS &#8211; Lektionen mit Martine Blaser-Monnard statt. Lektion 1: 17.30 &#8211; 18.45 Uhr Lektion 2: 19.00 &#8211; 20.15 Uhr Die Platzzahl pro Lektion ist auf maximal 10 Teilnehmende beschr\u00e4nkt. Dauer einer Lektion: 75 Minuten Preis pro Lektion: CHF 26.-&hellip;\" \/>\n<meta property=\"og:url\" content=\"https:\/\/www.yoga-sigriswil.ch\/index.php\/angebot\/\" \/>\n<meta property=\"og:site_name\" content=\"Yoga PLUS in Sigriswil mit Martine Blaser-Monnard\" \/>\n<meta property=\"article:modified_time\" content=\"2025-09-06T15:14:44+00:00\" \/>\n<meta name=\"twitter:card\" content=\"summary_large_image\" \/>\n<meta name=\"twitter:label1\" content=\"Gesch\u00e4tzte Lesezeit\" \/>\n\t<meta name=\"twitter:data1\" content=\"1\u00a0Minute\" \/>\n<script type=\"application\/ld+json\" class=\"yoast-schema-graph\">{\"@context\":\"https:\\\/\\\/schema.org\",\"@graph\":[{\"@type\":\"WebPage\",\"@id\":\"https:\\\/\\\/www.yoga-sigriswil.ch\\\/index.php\\\/angebot\\\/\",\"url\":\"https:\\\/\\\/www.yoga-sigriswil.ch\\\/index.php\\\/angebot\\\/\",\"name\":\"Angebot - Yoga PLUS in Sigriswil mit Martine Blaser-Monnard\",\"isPartOf\":{\"@id\":\"https:\\\/\\\/www.yoga-sigriswil.ch\\\/#website\"},\"datePublished\":\"2019-07-30T15:39:13+00:00\",\"dateModified\":\"2025-09-06T15:14:44+00:00\",\"breadcrumb\":{\"@id\":\"https:\\\/\\\/www.yoga-sigriswil.ch\\\/index.php\\\/angebot\\\/#breadcrumb\"},\"inLanguage\":\"de\",\"potentialAction\":[{\"@type\":\"ReadAction\",\"target\":[\"https:\\\/\\\/www.yoga-sigriswil.ch\\\/index.php\\\/angebot\\\/\"]}]},{\"@type\":\"BreadcrumbList\",\"@id\":\"https:\\\/\\\/www.yoga-sigriswil.ch\\\/index.php\\\/angebot\\\/#breadcrumb\",\"itemListElement\":[{\"@type\":\"ListItem\",\"position\":1,\"name\":\"Startseite\",\"item\":\"https:\\\/\\\/www.yoga-sigriswil.ch\\\/\"},{\"@type\":\"ListItem\",\"position\":2,\"name\":\"Angebot\"}]},{\"@type\":\"WebSite\",\"@id\":\"https:\\\/\\\/www.yoga-sigriswil.ch\\\/#website\",\"url\":\"https:\\\/\\\/www.yoga-sigriswil.ch\\\/\",\"name\":\"Yoga PLUS in Sigriswil mit Martine Blaser-Monnard\",\"description\":\"K\u00f6rperarbeit mit Yoga, Entspannung, Atmung, Gedanken zur pers\u00f6nlichen Entfaltung, Potenzial erkennen und nutzen\",\"potentialAction\":[{\"@type\":\"SearchAction\",\"target\":{\"@type\":\"EntryPoint\",\"urlTemplate\":\"https:\\\/\\\/www.yoga-sigriswil.ch\\\/?s={search_term_string}\"},\"query-input\":{\"@type\":\"PropertyValueSpecification\",\"valueRequired\":true,\"valueName\":\"search_term_string\"}}],\"inLanguage\":\"de\"}]}<\/script>\n<!-- \/ Yoast SEO plugin. -->","yoast_head_json":{"title":"Angebot - Yoga PLUS in Sigriswil mit Martine Blaser-Monnard","robots":{"index":"index","follow":"follow","max-snippet":"max-snippet:-1","max-image-preview":"max-image-preview:large","max-video-preview":"max-video-preview:-1"},"canonical":"https:\/\/www.yoga-sigriswil.ch\/index.php\/angebot\/","og_locale":"de_DE","og_type":"article","og_title":"Angebot - Yoga PLUS in Sigriswil mit Martine Blaser-Monnard","og_description":"Angebot In einem Raum der Stiftung Beatus in Sigriswil finden am Dienstagnachmittag und -abend zwei Yoga PLUS &#8211; Lektionen mit Martine Blaser-Monnard statt. Lektion 1: 17.30 &#8211; 18.45 Uhr Lektion 2: 19.00 &#8211; 20.15 Uhr Die Platzzahl pro Lektion ist auf maximal 10 Teilnehmende beschr\u00e4nkt. Dauer einer Lektion: 75 Minuten Preis pro Lektion: CHF 26.-&hellip;","og_url":"https:\/\/www.yoga-sigriswil.ch\/index.php\/angebot\/","og_site_name":"Yoga PLUS in Sigriswil mit Martine Blaser-Monnard","article_modified_time":"2025-09-06T15:14:44+00:00","twitter_card":"summary_large_image","twitter_misc":{"Gesch\u00e4tzte Lesezeit":"1\u00a0Minute"},"schema":{"@context":"https:\/\/schema.org","@graph":[{"@type":"WebPage","@id":"https:\/\/www.yoga-sigriswil.ch\/index.php\/angebot\/","url":"https:\/\/www.yoga-sigriswil.ch\/index.php\/angebot\/","name":"Angebot - Yoga PLUS in Sigriswil mit Martine Blaser-Monnard","isPartOf":{"@id":"https:\/\/www.yoga-sigriswil.ch\/#website"},"datePublished":"2019-07-30T15:39:13+00:00","dateModified":"2025-09-06T15:14:44+00:00","breadcrumb":{"@id":"https:\/\/www.yoga-sigriswil.ch\/index.php\/angebot\/#breadcrumb"},"inLanguage":"de","potentialAction":[{"@type":"ReadAction","target":["https:\/\/www.yoga-sigriswil.ch\/index.php\/angebot\/"]}]},{"@type":"BreadcrumbList","@id":"https:\/\/www.yoga-sigriswil.ch\/index.php\/angebot\/#breadcrumb","itemListElement":[{"@type":"ListItem","position":1,"name":"Startseite","item":"https:\/\/www.yoga-sigriswil.ch\/"},{"@type":"ListItem","position":2,"name":"Angebot"}]},{"@type":"WebSite","@id":"https:\/\/www.yoga-sigriswil.ch\/#website","url":"https:\/\/www.yoga-sigriswil.ch\/","name":"Yoga PLUS in Sigriswil mit Martine Blaser-Monnard","description":"K\u00f6rperarbeit mit Yoga, Entspannung, Atmung, Gedanken zur pers\u00f6nlichen Entfaltung, Potenzial erkennen und nutzen","potentialAction":[{"@type":"SearchAction","target":{"@type":"EntryPoint","urlTemplate":"https:\/\/www.yoga-sigriswil.ch\/?s={search_term_string}"},"query-input":{"@type":"PropertyValueSpecification","valueRequired":true,"valueName":"search_term_string"}}],"inLanguage":"de"}]}},"_links":{"self":[{"href":"https:\/\/www.yoga-sigriswil.ch\/index.php\/wp-json\/wp\/v2\/pages\/86","targetHints":{"allow":["GET"]}}],"collection":[{"href":"https:\/\/www.yoga-sigriswil.ch\/index.php\/wp-json\/wp\/v2\/pages"}],"about":[{"href":"https:\/\/www.yoga-sigriswil.ch\/index.php\/wp-json\/wp\/v2\/types\/page"}],"author":[{"embeddable":true,"href":"https:\/\/www.yoga-sigriswil.ch\/index.php\/wp-json\/wp\/v2\/users\/2"}],"replies":[{"embeddable":true,"href":"https:\/\/www.yoga-sigriswil.ch\/index.php\/wp-json\/wp\/v2\/comments?post=86"}],"version-history":[{"count":43,"href":"https:\/\/www.yoga-sigriswil.ch\/index.php\/wp-json\/wp\/v2\/pages\/86\/revisions"}],"predecessor-version":[{"id":434,"href":"https:\/\/www.yoga-sigriswil.ch\/index.php\/wp-json\/wp\/v2\/pages\/86\/revisions\/434"}],"wp:attachment":[{"href":"https:\/\/www.yoga-sigriswil.ch\/index.php\/wp-json\/wp\/v2\/media?parent=86"}],"curies":[{"name":"wp","href":"https:\/\/api.w.org\/{rel}","templated":true}]}}