{"id":95,"date":"2019-07-30T15:39:52","date_gmt":"2019-07-30T15:39:52","guid":{"rendered":"https:\/\/www.yoga-sigriswil.ch\/?page_id=95"},"modified":"2025-10-20T11:15:10","modified_gmt":"2025-10-20T11:15:10","slug":"anreise","status":"publish","type":"page","link":"https:\/\/www.yoga-sigriswil.ch\/index.php\/anreise\/","title":{"rendered":"Anreise"},"content":{"rendered":"\t\t<div data-elementor-type=\"wp-page\" data-elementor-id=\"95\" class=\"elementor elementor-95\">\n\t\t\t\t\t\t<section class=\"elementor-section elementor-top-section elementor-element elementor-element-378de38 elementor-section-boxed elementor-section-height-default elementor-section-height-default\" data-id=\"378de38\" data-element_type=\"section\" data-e-type=\"section\">\n\t\t\t\t\t\t<div class=\"elementor-container elementor-column-gap-default\">\n\t\t\t\t\t<div class=\"elementor-column elementor-col-100 elementor-top-column elementor-element elementor-element-6114b36\" data-id=\"6114b36\" data-element_type=\"column\" data-e-type=\"column\">\n\t\t\t<div class=\"elementor-widget-wrap elementor-element-populated\">\n\t\t\t\t\t\t<div class=\"elementor-element elementor-element-495c70e elementor-widget elementor-widget-heading\" data-id=\"495c70e\" data-element_type=\"widget\" data-e-type=\"widget\" data-widget_type=\"heading.default\">\n\t\t\t\t<div class=\"elementor-widget-container\">\n\t\t\t\t\t<h2 class=\"elementor-heading-title elementor-size-default\">Anreise<\/h2>\t\t\t\t<\/div>\n\t\t\t\t<\/div>\n\t\t\t\t\t<\/div>\n\t\t<\/div>\n\t\t\t\t\t<\/div>\n\t\t<\/section>\n\t\t\t\t<section class=\"elementor-section elementor-top-section elementor-element elementor-element-0935551 elementor-section-boxed elementor-section-height-default elementor-section-height-default\" data-id=\"0935551\" data-element_type=\"section\" data-e-type=\"section\">\n\t\t\t\t\t\t<div class=\"elementor-container elementor-column-gap-default\">\n\t\t\t\t\t<div class=\"elementor-column elementor-col-50 elementor-top-column elementor-element elementor-element-b0e27b2\" data-id=\"b0e27b2\" data-element_type=\"column\" data-e-type=\"column\">\n\t\t\t<div class=\"elementor-widget-wrap elementor-element-populated\">\n\t\t\t\t\t\t<div class=\"elementor-element elementor-element-1cdc123 elementor-widget elementor-widget-text-editor\" data-id=\"1cdc123\" data-element_type=\"widget\" data-e-type=\"widget\" data-widget_type=\"text-editor.default\">\n\t\t\t\t<div class=\"elementor-widget-container\">\n\t\t\t\t\t\t\t\t\t<iframe id=\"gmap_canvas\" src=\"https:\/\/maps.google.com\/maps?q=B\u00fchlweg%2%20sigriswil&amp;t=&amp;z=17&amp;ie=UTF8&amp;iwloc=&amp;output=embed\" width=\"600\" height=\"500\" frameborder=\"0\" marginwidth=\"0\" marginheight=\"0\" scrolling=\"no\"><span data-mce-type=\"bookmark\" style=\"display: inline-block; width: 0px; overflow: hidden; line-height: 0;\" class=\"mce_SELRES_start\">\ufeff<\/span><\/iframe>\n\n<style>.mapouter{position:relative;text-align:right;height:500px;width:600px;}<\/style>\n\n&nbsp;\n\n<style>.gmap_canvas {overflow:hidden;background:none!important;height:500px;width:600px;}<\/style>\t\t\t\t\t\t\t\t<\/div>\n\t\t\t\t<\/div>\n\t\t\t\t\t<\/div>\n\t\t<\/div>\n\t\t\t\t<div class=\"elementor-column elementor-col-50 elementor-top-column elementor-element elementor-element-2b2bd27\" data-id=\"2b2bd27\" data-element_type=\"column\" data-e-type=\"column\">\n\t\t\t<div class=\"elementor-widget-wrap elementor-element-populated\">\n\t\t\t\t\t\t<div class=\"elementor-element elementor-element-4afde87 elementor-widget elementor-widget-image\" data-id=\"4afde87\" data-element_type=\"widget\" data-e-type=\"widget\" data-widget_type=\"image.default\">\n\t\t\t\t<div class=\"elementor-widget-container\">\n\t\t\t\t\t\t\t\t\t\t\t\t<figure class=\"wp-caption\">\n\t\t\t\t\t\t\t\t\t\t<img fetchpriority=\"high\" decoding=\"async\" width=\"1024\" height=\"685\" src=\"https:\/\/www.yoga-sigriswil.ch\/wp-content\/uploads\/2025\/10\/IMG_9488-1-1024x685.jpg\" class=\"attachment-large size-large wp-image-471\" alt=\"\" srcset=\"https:\/\/www.yoga-sigriswil.ch\/wp-content\/uploads\/2025\/10\/IMG_9488-1-1024x685.jpg 1024w, https:\/\/www.yoga-sigriswil.ch\/wp-content\/uploads\/2025\/10\/IMG_9488-1-300x201.jpg 300w, https:\/\/www.yoga-sigriswil.ch\/wp-content\/uploads\/2025\/10\/IMG_9488-1-768x514.jpg 768w, https:\/\/www.yoga-sigriswil.ch\/wp-content\/uploads\/2025\/10\/IMG_9488-1-1536x1028.jpg 1536w, https:\/\/www.yoga-sigriswil.ch\/wp-content\/uploads\/2025\/10\/IMG_9488-1-2048x1371.jpg 2048w\" sizes=\"(max-width: 1024px) 100vw, 1024px\" \/>\t\t\t\t\t\t\t\t\t\t\t<figcaption class=\"widget-image-caption wp-caption-text\">Der Yogaraum befindet sich in Geb\u00e4ude Nr. 4<\/figcaption>\n\t\t\t\t\t\t\t\t\t\t<\/figure>\n\t\t\t\t\t\t\t\t\t<\/div>\n\t\t\t\t<\/div>\n\t\t\t\t\t<\/div>\n\t\t<\/div>\n\t\t\t\t\t<\/div>\n\t\t<\/section>\n\t\t\t\t<section class=\"elementor-section elementor-top-section elementor-element elementor-element-64d104a elementor-section-boxed elementor-section-height-default elementor-section-height-default\" data-id=\"64d104a\" data-element_type=\"section\" data-e-type=\"section\">\n\t\t\t\t\t\t<div class=\"elementor-container elementor-column-gap-default\">\n\t\t\t\t\t<div class=\"elementor-column elementor-col-100 elementor-top-column elementor-element elementor-element-5e4fbfd\" data-id=\"5e4fbfd\" data-element_type=\"column\" data-e-type=\"column\">\n\t\t\t<div class=\"elementor-widget-wrap elementor-element-populated\">\n\t\t\t\t\t\t<div class=\"elementor-element elementor-element-f255a30 elementor-widget elementor-widget-text-editor\" data-id=\"f255a30\" data-element_type=\"widget\" data-e-type=\"widget\" data-widget_type=\"text-editor.default\">\n\t\t\t\t<div class=\"elementor-widget-container\">\n\t\t\t\t\t\t\t\t\t<p><strong>Stiftung St. Beatus in Sigriswil<\/strong><\/p><p>B\u00fchlweg 2<br \/>3655 Sigriswil<\/p><p>Mich interessiert das Angebot, und ich m\u00f6chte mich jetzt anmelden oder mich f\u00fcr eine Schnupperlektion anmelden.<\/p><p><strong>Telefon: 033 442 10 34<\/strong><\/p><p><strong>Mail: <a href=\"mailto:kontakt@yoga-sigriswil.ch\">kontakt (@) yoga-sigriswil.ch<\/a><\/strong><\/p>\t\t\t\t\t\t\t\t<\/div>\n\t\t\t\t<\/div>\n\t\t\t\t\t<\/div>\n\t\t<\/div>\n\t\t\t\t\t<\/div>\n\t\t<\/section>\n\t\t\t\t<\/div>\n\t\t","protected":false},"excerpt":{"rendered":"<p>Anreise \ufeff &nbsp; Der Yogaraum befindet sich in Geb\u00e4ude Nr. 4 Stiftung St. Beatus in Sigriswil B\u00fchlweg 23655 Sigriswil Mich interessiert das Angebot, und ich m\u00f6chte mich jetzt anmelden oder mich f\u00fcr eine Schnupperlektion anmelden. Telefon: 033 442 10 34 Mail: kontakt (@) yoga-sigriswil.ch<\/p>\n","protected":false},"author":2,"featured_media":0,"parent":0,"menu_order":0,"comment_status":"closed","ping_status":"closed","template":"","meta":{"footnotes":""},"class_list":["post-95","page","type-page","status-publish","hentry"],"yoast_head":"<!-- This site is optimized with the Yoast SEO plugin v27.5 - https:\/\/yoast.com\/product\/yoast-seo-wordpress\/ -->\n<title>Anreise - Yoga PLUS in Sigriswil mit Martine Blaser-Monnard<\/title>\n<meta name=\"robots\" content=\"index, follow, max-snippet:-1, max-image-preview:large, max-video-preview:-1\" \/>\n<link rel=\"canonical\" href=\"https:\/\/www.yoga-sigriswil.ch\/index.php\/anreise\/\" \/>\n<meta property=\"og:locale\" content=\"de_DE\" \/>\n<meta property=\"og:type\" content=\"article\" \/>\n<meta property=\"og:title\" content=\"Anreise - Yoga PLUS in Sigriswil mit Martine Blaser-Monnard\" \/>\n<meta property=\"og:description\" content=\"Anreise \ufeff &nbsp; Der Yogaraum befindet sich in Geb\u00e4ude Nr. 4 Stiftung St. Beatus in Sigriswil B\u00fchlweg 23655 Sigriswil Mich interessiert das Angebot, und ich m\u00f6chte mich jetzt anmelden oder mich f\u00fcr eine Schnupperlektion anmelden. Telefon: 033 442 10 34 Mail: kontakt (@) yoga-sigriswil.ch\" \/>\n<meta property=\"og:url\" content=\"https:\/\/www.yoga-sigriswil.ch\/index.php\/anreise\/\" \/>\n<meta property=\"og:site_name\" content=\"Yoga PLUS in Sigriswil mit Martine Blaser-Monnard\" \/>\n<meta property=\"article:modified_time\" content=\"2025-10-20T11:15:10+00:00\" \/>\n<meta property=\"og:image\" content=\"https:\/\/www.yoga-sigriswil.ch\/wp-content\/uploads\/2025\/10\/IMG_9488-1-scaled.jpg\" \/>\n\t<meta property=\"og:image:width\" content=\"2560\" \/>\n\t<meta property=\"og:image:height\" content=\"1713\" \/>\n\t<meta property=\"og:image:type\" content=\"image\/jpeg\" \/>\n<meta name=\"twitter:card\" content=\"summary_large_image\" \/>\n<meta name=\"twitter:label1\" content=\"Gesch\u00e4tzte Lesezeit\" \/>\n\t<meta name=\"twitter:data1\" content=\"1\u00a0Minute\" \/>\n<script type=\"application\/ld+json\" class=\"yoast-schema-graph\">{\"@context\":\"https:\\\/\\\/schema.org\",\"@graph\":[{\"@type\":\"WebPage\",\"@id\":\"https:\\\/\\\/www.yoga-sigriswil.ch\\\/index.php\\\/anreise\\\/\",\"url\":\"https:\\\/\\\/www.yoga-sigriswil.ch\\\/index.php\\\/anreise\\\/\",\"name\":\"Anreise - Yoga PLUS in Sigriswil mit Martine Blaser-Monnard\",\"isPartOf\":{\"@id\":\"https:\\\/\\\/www.yoga-sigriswil.ch\\\/#website\"},\"primaryImageOfPage\":{\"@id\":\"https:\\\/\\\/www.yoga-sigriswil.ch\\\/index.php\\\/anreise\\\/#primaryimage\"},\"image\":{\"@id\":\"https:\\\/\\\/www.yoga-sigriswil.ch\\\/index.php\\\/anreise\\\/#primaryimage\"},\"thumbnailUrl\":\"https:\\\/\\\/www.yoga-sigriswil.ch\\\/wp-content\\\/uploads\\\/2025\\\/10\\\/IMG_9488-1-1024x685.jpg\",\"datePublished\":\"2019-07-30T15:39:52+00:00\",\"dateModified\":\"2025-10-20T11:15:10+00:00\",\"breadcrumb\":{\"@id\":\"https:\\\/\\\/www.yoga-sigriswil.ch\\\/index.php\\\/anreise\\\/#breadcrumb\"},\"inLanguage\":\"de\",\"potentialAction\":[{\"@type\":\"ReadAction\",\"target\":[\"https:\\\/\\\/www.yoga-sigriswil.ch\\\/index.php\\\/anreise\\\/\"]}]},{\"@type\":\"ImageObject\",\"inLanguage\":\"de\",\"@id\":\"https:\\\/\\\/www.yoga-sigriswil.ch\\\/index.php\\\/anreise\\\/#primaryimage\",\"url\":\"https:\\\/\\\/www.yoga-sigriswil.ch\\\/wp-content\\\/uploads\\\/2025\\\/10\\\/IMG_9488-1-scaled.jpg\",\"contentUrl\":\"https:\\\/\\\/www.yoga-sigriswil.ch\\\/wp-content\\\/uploads\\\/2025\\\/10\\\/IMG_9488-1-scaled.jpg\",\"width\":2560,\"height\":1713},{\"@type\":\"BreadcrumbList\",\"@id\":\"https:\\\/\\\/www.yoga-sigriswil.ch\\\/index.php\\\/anreise\\\/#breadcrumb\",\"itemListElement\":[{\"@type\":\"ListItem\",\"position\":1,\"name\":\"Startseite\",\"item\":\"https:\\\/\\\/www.yoga-sigriswil.ch\\\/\"},{\"@type\":\"ListItem\",\"position\":2,\"name\":\"Anreise\"}]},{\"@type\":\"WebSite\",\"@id\":\"https:\\\/\\\/www.yoga-sigriswil.ch\\\/#website\",\"url\":\"https:\\\/\\\/www.yoga-sigriswil.ch\\\/\",\"name\":\"Yoga PLUS in Sigriswil mit Martine Blaser-Monnard\",\"description\":\"K\u00f6rperarbeit mit Yoga, Entspannung, Atmung, Gedanken zur pers\u00f6nlichen Entfaltung, Potenzial erkennen und nutzen\",\"potentialAction\":[{\"@type\":\"SearchAction\",\"target\":{\"@type\":\"EntryPoint\",\"urlTemplate\":\"https:\\\/\\\/www.yoga-sigriswil.ch\\\/?s={search_term_string}\"},\"query-input\":{\"@type\":\"PropertyValueSpecification\",\"valueRequired\":true,\"valueName\":\"search_term_string\"}}],\"inLanguage\":\"de\"}]}<\/script>\n<!-- \/ Yoast SEO plugin. -->","yoast_head_json":{"title":"Anreise - Yoga PLUS in Sigriswil mit Martine Blaser-Monnard","robots":{"index":"index","follow":"follow","max-snippet":"max-snippet:-1","max-image-preview":"max-image-preview:large","max-video-preview":"max-video-preview:-1"},"canonical":"https:\/\/www.yoga-sigriswil.ch\/index.php\/anreise\/","og_locale":"de_DE","og_type":"article","og_title":"Anreise - Yoga PLUS in Sigriswil mit Martine Blaser-Monnard","og_description":"Anreise \ufeff &nbsp; Der Yogaraum befindet sich in Geb\u00e4ude Nr. 4 Stiftung St. Beatus in Sigriswil B\u00fchlweg 23655 Sigriswil Mich interessiert das Angebot, und ich m\u00f6chte mich jetzt anmelden oder mich f\u00fcr eine Schnupperlektion anmelden. Telefon: 033 442 10 34 Mail: kontakt (@) yoga-sigriswil.ch","og_url":"https:\/\/www.yoga-sigriswil.ch\/index.php\/anreise\/","og_site_name":"Yoga PLUS in Sigriswil mit Martine Blaser-Monnard","article_modified_time":"2025-10-20T11:15:10+00:00","og_image":[{"width":2560,"height":1713,"url":"https:\/\/www.yoga-sigriswil.ch\/wp-content\/uploads\/2025\/10\/IMG_9488-1-scaled.jpg","type":"image\/jpeg"}],"twitter_card":"summary_large_image","twitter_misc":{"Gesch\u00e4tzte Lesezeit":"1\u00a0Minute"},"schema":{"@context":"https:\/\/schema.org","@graph":[{"@type":"WebPage","@id":"https:\/\/www.yoga-sigriswil.ch\/index.php\/anreise\/","url":"https:\/\/www.yoga-sigriswil.ch\/index.php\/anreise\/","name":"Anreise - Yoga PLUS in Sigriswil mit Martine Blaser-Monnard","isPartOf":{"@id":"https:\/\/www.yoga-sigriswil.ch\/#website"},"primaryImageOfPage":{"@id":"https:\/\/www.yoga-sigriswil.ch\/index.php\/anreise\/#primaryimage"},"image":{"@id":"https:\/\/www.yoga-sigriswil.ch\/index.php\/anreise\/#primaryimage"},"thumbnailUrl":"https:\/\/www.yoga-sigriswil.ch\/wp-content\/uploads\/2025\/10\/IMG_9488-1-1024x685.jpg","datePublished":"2019-07-30T15:39:52+00:00","dateModified":"2025-10-20T11:15:10+00:00","breadcrumb":{"@id":"https:\/\/www.yoga-sigriswil.ch\/index.php\/anreise\/#breadcrumb"},"inLanguage":"de","potentialAction":[{"@type":"ReadAction","target":["https:\/\/www.yoga-sigriswil.ch\/index.php\/anreise\/"]}]},{"@type":"ImageObject","inLanguage":"de","@id":"https:\/\/www.yoga-sigriswil.ch\/index.php\/anreise\/#primaryimage","url":"https:\/\/www.yoga-sigriswil.ch\/wp-content\/uploads\/2025\/10\/IMG_9488-1-scaled.jpg","contentUrl":"https:\/\/www.yoga-sigriswil.ch\/wp-content\/uploads\/2025\/10\/IMG_9488-1-scaled.jpg","width":2560,"height":1713},{"@type":"BreadcrumbList","@id":"https:\/\/www.yoga-sigriswil.ch\/index.php\/anreise\/#breadcrumb","itemListElement":[{"@type":"ListItem","position":1,"name":"Startseite","item":"https:\/\/www.yoga-sigriswil.ch\/"},{"@type":"ListItem","position":2,"name":"Anreise"}]},{"@type":"WebSite","@id":"https:\/\/www.yoga-sigriswil.ch\/#website","url":"https:\/\/www.yoga-sigriswil.ch\/","name":"Yoga PLUS in Sigriswil mit Martine Blaser-Monnard","description":"K\u00f6rperarbeit mit Yoga, Entspannung, Atmung, Gedanken zur pers\u00f6nlichen Entfaltung, Potenzial erkennen und nutzen","potentialAction":[{"@type":"SearchAction","target":{"@type":"EntryPoint","urlTemplate":"https:\/\/www.yoga-sigriswil.ch\/?s={search_term_string}"},"query-input":{"@type":"PropertyValueSpecification","valueRequired":true,"valueName":"search_term_string"}}],"inLanguage":"de"}]}},"_links":{"self":[{"href":"https:\/\/www.yoga-sigriswil.ch\/index.php\/wp-json\/wp\/v2\/pages\/95","targetHints":{"allow":["GET"]}}],"collection":[{"href":"https:\/\/www.yoga-sigriswil.ch\/index.php\/wp-json\/wp\/v2\/pages"}],"about":[{"href":"https:\/\/www.yoga-sigriswil.ch\/index.php\/wp-json\/wp\/v2\/types\/page"}],"author":[{"embeddable":true,"href":"https:\/\/www.yoga-sigriswil.ch\/index.php\/wp-json\/wp\/v2\/users\/2"}],"replies":[{"embeddable":true,"href":"https:\/\/www.yoga-sigriswil.ch\/index.php\/wp-json\/wp\/v2\/comments?post=95"}],"version-history":[{"count":39,"href":"https:\/\/www.yoga-sigriswil.ch\/index.php\/wp-json\/wp\/v2\/pages\/95\/revisions"}],"predecessor-version":[{"id":483,"href":"https:\/\/www.yoga-sigriswil.ch\/index.php\/wp-json\/wp\/v2\/pages\/95\/revisions\/483"}],"wp:attachment":[{"href":"https:\/\/www.yoga-sigriswil.ch\/index.php\/wp-json\/wp\/v2\/media?parent=95"}],"curies":[{"name":"wp","href":"https:\/\/api.w.org\/{rel}","templated":true}]}}